{"id":2847,"date":"2022-01-19T15:09:56","date_gmt":"2022-01-19T15:09:56","guid":{"rendered":"https:\/\/aiace-europa.eu\/politique-de-confidentialite\/"},"modified":"2022-08-20T08:02:19","modified_gmt":"2022-08-20T08:02:19","slug":"datenschutz-bestimmungen","status":"publish","type":"page","link":"https:\/\/aiace-europa.eu\/de\/datenschutz-bestimmungen\/","title":{"rendered":"Datenschutz-Bestimmungen"},"content":{"rendered":"\r\n<h2>Kontaktdaten :<\/h2>\r\n\r\n\r\n\r\n<p>AIACE INTERNATIONAL \u2013 Internationale Vereinigung der ehemaligen Bediensteten der Europ\u00e4ischen Union<\/p>\r\n\r\n\r\n\r\n<p>Adresse :18, rue Van Maerlant, 1000 Br\u00fcssel<\/p>\r\n\r\n\r\n\r\n<p>B\u00fcro : VM18 3\/13<\/p>\r\n\r\n\r\n\r\n<p>(U-Bahn : Maelbeek, \u00a0Zug : Schuman)<\/p>\r\n\r\n\r\n\r\n<p>Postadresse : c\/o Europ\u00e4ische Kommission, B\u00fcro VM18 3\/13, 1049 Br\u00fcssel<\/p>\r\n\r\n\r\n\r\n<p>Firmennummer: 0 408 999 411<\/p>\r\n\r\n\r\n\r\n<p>Tel: <a href=\"tel:+3222952960\">+32 2 295 29 60<\/a><\/p>\r\n\r\n\r\n\r\n<p>Mail: <a href=\"mailto:aiace-int@ec.europa.eu\">aiace-int@ec.europa.eu<\/a><\/p>\r\n\r\n\r\n\r\n<h2>1. Warum diese Datenschutzerkl\u00e4rung?<\/h2>\r\n\r\n\r\n\r\n<p>Jede Person (im Folgenden \u201eder Nutzer\u201c genannt), die dien Internetauftritt \u201eaiace-europa.eu\u201c besucht und\/oder nutzt (im Folgenden \u201eNetzauftritt\u201c genannt), gibt eine bestimmte Anzahl pers\u00f6nlicher Daten preis. Personenbezogene Daten sind Informationen, die es AIACE INTERNATIONAL erm\u00f6glichen, Sie als nat\u00fcrliche Person zu identifizieren, unabh\u00e4ngig davon, ob wir dies tats\u00e4chlich tun oder nicht. Sie sind identifizierbar, sobald es m\u00f6glich ist, eine direkte oder indirekte Zuordnung zwischen einer oder mehreren Daten und Ihnen als nat\u00fcrlicher Person herzustellen.<\/p>\r\n\r\n\r\n\r\n<p>Wir erfassen und verwenden Ihre personenbezogenen Daten in \u00dcbereinstimmung mit den geltenden gesetzlichen Bestimmungen. In dieser Datenschutzerkl\u00e4rung bedeutet jeder Verweis auf das \u201eDatenschutzgesetz\u201c einen Verweis auf das Gesetz vom 8. Dezember 1992 \u00fcber den Schutz der Privatsph\u00e4re bei der Verwendung pers\u00f6nlicher Daten. Jeder Verweis in dieser Datenschutzerkl\u00e4rung auf die \u201eVerordnung\u201c bedeutet einen Verweis auf die Verordnung vom 27. April 2016 zum Schutz nat\u00fcrlicher Personen bei der Verwendung pers\u00f6nlicher Daten und zum freien Datenverkehr.<\/p>\r\n\r\n\r\n\r\n<p>Mit der Nutzung des Netzauftritts erkl\u00e4rt der Nutzer, dass er diese Datenschutzerkl\u00e4rung gelesen hat und die Erfassung und Verwendung seiner personenbezogenen Daten in der in diesem Dokument beschriebenen Weise ausdr\u00fccklich gestattet. Die AIACE INTERNATIONAL beh\u00e4lt sich das Recht vor, diese Datenschutzerkl\u00e4rung jederzeit zu \u00e4ndern. Wesentliche \u00c4nderungen werden den Nutzern jedoch stets mitgeteilt. Wir empfehlen Ihnen dennoch, dieses Dokument regelm\u00e4\u00dfig zu lesen.<\/p>\r\n\r\n\r\n\r\n<h2>2. Wer verwendet Ihre personenbezogenen Daten?<\/h2>\r\n\r\n\r\n\r\n<h3>2.1. Der Verantwortungstr\u00e4ger der Datenverwendung<\/h3>\r\n\r\n\r\n\r\n<p>Die AIACE INTERNATIONAL ist f\u00fcr die Verwendung Ihrer pers\u00f6nlichen Daten verantwortlich, indem sie allein oder gemeinsam mit anderen die erhobenen Daten, die Verwendungszwecke und die technischen und organisatorischen Mittel, mit denen Ihre Daten behandet werden, bestimmt.<\/p>\r\n\r\n\r\n\r\n<h3>2.2. Die (der) Nachbeauftragte(n)<\/h3>\r\n\r\n\r\n\r\n<p>Der AIACE INTERNATIONAL steht es frei, Nachbeauftragte einzuschalten. Nachbeauftragte sind nat\u00fcrliche oder juristische Person, die Ihre pers\u00f6nlichen Daten auf Anfrage und im Auftrag des f\u00fcr die Verwendung Verantwortlichen verwenden, zum Beispiel die nationalen Sektionen. Nachbeauftragte sind verpflichtet, die Sicherheit und Vertraulichkeit Ihrer Daten zu gew\u00e4hrleisten und handeln stets auf Anweisung der AIACE INTERNATIONAL.<\/p>\r\n\r\n\r\n\r\n<h2>3. Auf welcher Grundlage werden meine Daten verwendet?<\/h2>\r\n\r\n\r\n\r\n<p>Gem\u00e4\u00df der Verordnung verwenden wir Ihre Daten auf der Grundlage der folgenden Rechtsgr\u00fcnde:<\/p>\r\n\r\n\r\n\r\n<ul>\r\n<li>Ihre Zustimmung bei Ihrer Aufnahme in die AIACE<\/li>\r\n<li>Die besonderen Bed\u00fcrfnisse, die sich aus dem reibungslosen Funktionieren des Vereins, der Bereitstellung von Informationen an die Mitglieder \u00fcber seine T\u00e4tigkeiten und der Nutzung seiner Dienste ergeben.<\/li>\r\n<li>Die gute Verwaltungsf\u00fchrung des Vereins sowie des Mitgliederverzeichnisses und der Koordinierung der nationalen Sektionen.<\/li>\r\n<\/ul>\r\n\r\n\r\n\r\n<h2>4. Welche personenbezogenen Daten werden erfasst und verwendet?<\/h2>\r\n\r\n\r\n\r\n<p>Ihre Daten werden anl\u00e4sslich Ihres Beitritts zur AIACE erhoben. Dabei handelt es sich um Daten, die Sie uns freiwillig, insbesondere \u00fcber das Beitrittssformular, zur Verf\u00fcgung stellen. Ohne Ihre Zustimmung werden keine weiteren Daten erhoben..<\/p>\r\n\r\n\r\n\r\n<p>Die Verwendung Ihrer pers\u00f6nlichen Daten ist auf das Ma\u00df beschr\u00e4nkt, das zur Verwirklichung der von AIACE INTERNATIONAL verfolgten Ziele unbedingt erforderlich ist. Nachfolgend sind die Kategorien von Daten aufgef\u00fchrt, die jeweils verwendet werden:<\/p>\r\n\r\n\r\n\r\n<ul>\r\n<li>Name, Vorname und Kontaktdaten<\/li>\r\n<li>Benutzername und Passwort bei der Erstellung eines Intranets<\/li>\r\n<li>Pensionsnummer<\/li>\r\n<li>Letzte Institution und Stelle im Amt<\/li>\r\n<li>E-Mail-Adresse<\/li>\r\n<li>Telefon-Nummer<\/li>\r\n<li>Geburtsdatum<\/li>\r\n<li>Geschlecht<\/li>\r\n<li>Staatsangeh\u00f6rigkeit<\/li>\r\n<li>Informationen \u00fcber Ihre Verbindungen (IP-Adresse, Standort, usw.)<\/li>\r\n<\/ul>\r\n\r\n\r\n\r\n<p>Dar\u00fcber hinaus kann AIACE INTERNATIONAL Cookies verwenden, um den Benutzer zu erkennen und ihm eine personalisierte Benutzererfahrung zu erm\u00f6glichen, um seine technischen Einstellungen zu speichern (z. B. Sprache oder \u201eBenutzerkonto\u201c) und um Fehler im Netzauftritt zu erkennen und zu korrigieren. F\u00fcr weitere Informationen dar\u00fcber, wie wir Cookies verwenden, empfehlen wir Ihnen, unsere Cookie-Richtlinie [http:\/\/aiace-europa.eu\/cookies\/] zu lesen.<\/p>\r\n\r\n\r\n\r\n<h2>5. Zu welchem Zweck?<\/h2>\r\n\r\n\r\n\r\n<p>Die Erhebung pers\u00f6nlicher Daten dient einzig dazu, der AIACE INTERNATIONAL die Optimierung der Dienstleistungen f\u00fcr ihre Mitglieder oder die nationalen Sektionen zu erm\u00f6glichen.<\/p>\r\n\r\n\r\n\r\n<p>Die Daten werden nur f\u00fcr folgende Zwecke verwendet:<\/p>\r\n\r\n\r\n\r\n<ul>\r\n<li>dem Benutzer den Zugang zum Netzaufftritt und zu den Informationen zu erlauben und ihm die Nutzung der dort angebotenen Dienstleistungen zu erm\u00f6glichen;<\/li>\r\n<\/ul>\r\n\r\n\r\n\r\n<p>Beim Besuch unseres Netzauftritts k\u00f6nnen bestimmte Daten zu statistischen Zwecken erfasst werden, um so die Optimierung der von der AIACE INTERNATIONAL. angebotenen Dienstleistungen zu gew\u00e4hrleisten. Es handelt sich dabei um Ihre IP-Adresse, um die geografische Abfrage-Zone, Datum und Uhrzeit der Abfrage und um die besuchten Seiten. Durch den Aufruf des Netzauftritts sind Sie ausdr\u00fccklich mit der Erhebung dieser Daten zu statischen Zwecken einverstanden.<\/p>\r\n\r\n\r\n\r\n<h2>6. Wer erh\u00e4lt Ihre pers\u00f6nlichen Daten?<\/h2>\r\n\r\n\r\n\r\n<p>Ihre pers\u00f6nlichen Daten sind nur f\u00fcr interne Verwendung durch die AIACE INTERNATIONAL bestimmt. Ohne Ihre ausdr\u00fcckliche vorherige Zustimmung werden sie daher nie an Dritte weitergegeben, weder gratis noch gegen Entgelt.<\/p>\r\n\r\n\r\n\r\n<p>Die AIACE INTERNATIONAL hat alle m\u00f6glichen technischen und organisatorischen Ma\u00dfnahmen getroffen, um einen Missbrauch Ihrer Daten zu vermeiden. Der Zugang zu Datenbanken, die pers\u00f6nliche Daten enthalten, ist nur dazu erm\u00e4chtigten Personen gestattet, f\u00fcr die der Zugriff auf diese Daten ein legitimes Erfordernis darstellt, um das ordentliche Funktionieren der Vereinigung sicherstellen zu k\u00f6nnen.<\/p>\r\n\r\n\r\n\r\n<h2>7. Wie lange werden Ihre Daten gespeichert?<\/h2>\r\n\r\n\r\n\r\n<p>Ihre Daten werden solange gespeichert, wie dies f\u00fcr das angestrebte Ziel notwendig ist.<\/p>\r\n\r\n\r\n\r\n<p>Sobald sie zu diesem Zweck nicht mehr erforderlich sind, bei Aufk\u00fcndigung der Mitgliedschaft in der AIACE oder wenn Sie ihr Recht auf L\u00f6schung rechtm\u00e4\u00dfig ausge\u00fcbt haben, werden sie sofort gel\u00f6scht.<\/p>\r\n\r\n\r\n\r\n<h2>8. Was sind Ihre Rechte?<\/h2>\r\n\r\n\r\n\r\n<h3>8.1 Gew\u00e4hrleistung einer fairen und rechtm\u00e4\u00dfigen Datenverwendung<\/h3>\r\n\r\n\r\n\r\n<p>Ihre pers\u00f6nlichen Daten werden immer entsprechend dem in Pkt. 5 dargelegten legitimen Zweck verwendet. Erhebung und Verwendung der Daten erfolgt ad\u00e4quat, zweckentsprechend und auf das Notwendige beschr\u00e4nkt. Sie werden nicht l\u00e4nger als bis zur Erreichung des angestrebten Zieles gespeichert.<\/p>\r\n\r\n\r\n\r\n<h3>8.2 Zugangsrecht<\/h3>\r\n\r\n\r\n\r\n<p>Sie haben das Recht, Informationen \u00fcber die Datenverwendung einzuholen, sowie Sinn und Zweck der Erhebung und die Art der betroffenen Daten, die Kriterien f\u00fcr die Dauer der Speicherung und die Ihnen zustehenden Rechte zu erfahren.<\/p>\r\n\r\n\r\n\r\n<h3>8.3 Recht auf Richtigstellung<\/h3>\r\n\r\n\r\n\r\n<p>Unrichtige oder unvollst\u00e4ndige pers\u00f6nliche Daten k\u00f6nnen korrigiert werden. F\u00fcr die notwendigen \u00c4nderungen sorgt in erster Linie der Benutzer selbst durch einen Antrag in schriftlicher Form.<\/p>\r\n\r\n\r\n\r\n<h3>8.4 Recht auf L\u00f6schung<\/h3>\r\n\r\n\r\n\r\n<p>Unter folgenden Voraussetzungen haben Sie zus\u00e4tzlich das Recht auf L\u00f6schung Ihrer pers\u00f6nlichen Daten:<\/p>\r\n\r\n\r\n\r\n<ul>\r\n<li>Ihre pers\u00f6nlichen Daten sind f\u00fcr das angestrebte Ziel nicht mehr erforderlich ;<\/li>\r\n<li>Sie widerrufen die Einwilligung zur Verwendung der Daten und es besteht keine andere Reschtsgrundlage f\u00fcr ihre Verwendung;<\/li>\r\n<li>Sie haben Ihr Einspruchsrecht wirksam geltend gemacht;<\/li>\r\n<li>Ihre Daten wurden auf unrechtm\u00e4\u00dfige Weise verwendet;<\/li>\r\n<li>Ihre Daten m\u00fcssen zur Erf\u00fcllung einer Rechtsverpflichtung gel\u00f6scht werden.<\/li>\r\n<\/ul>\r\n\r\n\r\n\r\n<h3>8.5 Recht auf eingeschr\u00e4nkte Verwendung<\/h3>\r\n\r\n\r\n\r\n<p>Unter gewissen Voraussetzungen haben Sie das Recht, eine Einschr\u00e4nkung der Verwendung Ihrer Daten zu verlangen, insbesondere wenn die Richtigkeit der Daten bestritten wird oder wenn die Daten f\u00fcr ein Gerichtsverfahren erforderlich sind.<\/p>\r\n\r\n\r\n\r\n<h3>8.6 Widerspruchsrecht<\/h3>\r\n\r\n\r\n\r\n<p>Sie k\u00f6nnen dar\u00fcber hinaus jederzeit Einspruch gegen die Verwendung Ihrer pers\u00f6nlichen Daten erheben. Die AIACE INTERNATIONAL wird daraufhin die Verwendung Ihrer pers\u00f6nlichen Daten einstellen, au\u00dfer sie kann zwingende und legitime Gr\u00fcnde f\u00fcr deren Verwendung nachweisen, die Vorrang vor den Interessen, Rechten und Freiheiten der betroffenen Person haben, oder wenn sie f\u00fcr die gerichtliche Feststellung, Aus\u00fcbung oder Wahrung von Rechten erforderlich sind.<\/p>\r\n\r\n\r\n\r\n<h3>8.7 Recht auf Daten\u00fcbertragbarkeit<\/h3>\r\n\r\n\r\n\r\n<p>Sie haben Anspruch auf Erhalt aller von Ihnen beigestellten pers\u00f6nlichen Daten in strukturierter, g\u00e4ngiger und maschinenlesbarer Form. Sie haben das Recht, diese Daten an Dritte zu \u00fcbermitteln oder \u00fcbermitteln zu lassen, au\u00dfer das w\u00e4re technisch unm\u00f6glich.<\/p>\r\n\r\n\r\n\r\n<h2>9. Wie kann ich meine Rechte geltend machen?<\/h2>\r\n\r\n\r\n\r\n<p>Sie k\u00f6nnen Ihre Rechte mittels eines schriftlichen, eingeschriebenen Antrags mit Identit\u00e4tsnachweis an die AIACE INTERNATIONAL, c\/o Europ. Kommission, B\u00fcro N105-00\/36, 1049 Br\u00fcssel, Belgien, geltend machen, oder mittels eines Mails an die <a href=\"mailto:aiace-int@ec.europa.eu\">aiace-int@ec.europa.eu<\/a>. Wir antworten so schnell wie m\u00f6glich, in jedem Fall sp\u00e4testens einen (1) Monat nach Erhalt des Antrags.<\/p>\r\n\r\n\r\n\r\n<h2>10. Beschwerdem\u00f6glichkeit<\/h2>\r\n\r\n\r\n\r\n<p>Sind Sie mit der Verwendung Ihrer pers\u00f6nlichen Daten durch die AIACE INTERNATIONAL unzufrieden, so haben Sie die M\u00f6glichkeit, bei der Datenschutzbeh\u00f6rde Beschwerde einzulegen. (<a href=\"https:\/\/www.datenschutzbehorde.be\/zivilist\" target=\"_blank\" rel=\"noreferrer noopener\">http:\/\/www.privacycommission.be<\/a>)<\/p>\r\n","protected":false},"excerpt":{"rendered":"<p>Kontaktdaten : AIACE INTERNATIONAL \u2013 Internationale Vereinigung der ehemaligen Bediensteten der Europ\u00e4ischen...<\/p>\n","protected":false},"author":1,"featured_media":2679,"parent":0,"menu_order":61,"comment_status":"closed","ping_status":"closed","template":"","meta":[],"acf":[],"_links":{"self":[{"href":"https:\/\/aiace-europa.eu\/de\/wp-json\/wp\/v2\/pages\/2847"}],"collection":[{"href":"https:\/\/aiace-europa.eu\/de\/wp-json\/wp\/v2\/pages"}],"about":[{"href":"https:\/\/aiace-europa.eu\/de\/wp-json\/wp\/v2\/types\/page"}],"author":[{"embeddable":true,"href":"https:\/\/aiace-europa.eu\/de\/wp-json\/wp\/v2\/users\/1"}],"replies":[{"embeddable":true,"href":"https:\/\/aiace-europa.eu\/de\/wp-json\/wp\/v2\/comments?post=2847"}],"version-history":[{"count":4,"href":"https:\/\/aiace-europa.eu\/de\/wp-json\/wp\/v2\/pages\/2847\/revisions"}],"predecessor-version":[{"id":9920,"href":"https:\/\/aiace-europa.eu\/de\/wp-json\/wp\/v2\/pages\/2847\/revisions\/9920"}],"wp:featuredmedia":[{"embeddable":true,"href":"https:\/\/aiace-europa.eu\/de\/wp-json\/wp\/v2\/media\/2679"}],"wp:attachment":[{"href":"https:\/\/aiace-europa.eu\/de\/wp-json\/wp\/v2\/media?parent=2847"}],"curies":[{"name":"wp","href":"https:\/\/api.w.org\/{rel}","templated":true}]}}