{"id":11453,"date":"2022-08-18T15:31:49","date_gmt":"2022-08-18T15:31:49","guid":{"rendered":"https:\/\/aiace-europa.eu\/jsis\/"},"modified":"2025-12-11T08:02:25","modified_gmt":"2025-12-11T08:02:25","slug":"le-rcam","status":"publish","type":"page","link":"https:\/\/aiace-europa.eu\/fr\/le-rcam\/","title":{"rendered":"Le RCAM"},"content":{"rendered":"","protected":false},"excerpt":{"rendered":"<p>Le RCAM (r\u00e9gime commun d'assurance maladie des institutions europ\u00e9ennes) est l'assurance maladie des fonctionnaires, des autres agents, des retrait\u00e9s et des personnes \u00e0 charge.<\/p>\n","protected":false},"author":4,"featured_media":0,"parent":0,"menu_order":43,"comment_status":"closed","ping_status":"closed","template":"","meta":[],"acf":[],"_links":{"self":[{"href":"https:\/\/aiace-europa.eu\/fr\/wp-json\/wp\/v2\/pages\/11453"}],"collection":[{"href":"https:\/\/aiace-europa.eu\/fr\/wp-json\/wp\/v2\/pages"}],"about":[{"href":"https:\/\/aiace-europa.eu\/fr\/wp-json\/wp\/v2\/types\/page"}],"author":[{"embeddable":true,"href":"https:\/\/aiace-europa.eu\/fr\/wp-json\/wp\/v2\/users\/4"}],"replies":[{"embeddable":true,"href":"https:\/\/aiace-europa.eu\/fr\/wp-json\/wp\/v2\/comments?post=11453"}],"version-history":[{"count":3,"href":"https:\/\/aiace-europa.eu\/fr\/wp-json\/wp\/v2\/pages\/11453\/revisions"}],"predecessor-version":[{"id":35903,"href":"https:\/\/aiace-europa.eu\/fr\/wp-json\/wp\/v2\/pages\/11453\/revisions\/35903"}],"wp:attachment":[{"href":"https:\/\/aiace-europa.eu\/fr\/wp-json\/wp\/v2\/media?parent=11453"}],"curies":[{"name":"wp","href":"https:\/\/api.w.org\/{rel}","templated":true}]}}