{"id":22451,"date":"2024-02-07T12:54:31","date_gmt":"2024-02-07T12:54:31","guid":{"rendered":"https:\/\/aiace-europa.eu\/assemblee-generale\/2024-general-meeting\/"},"modified":"2024-06-30T08:11:53","modified_gmt":"2024-06-30T08:11:53","slug":"2024-general-meeting","status":"publish","type":"page","link":"https:\/\/aiace-europa.eu\/fr\/assemblee-generale\/2024-general-meeting\/","title":{"rendered":"Assembl\u00e9e g\u00e9n\u00e9rale de 2024"},"content":{"rendered":"","protected":false},"excerpt":{"rendered":"","protected":false},"author":4,"featured_media":16601,"parent":773,"menu_order":24,"comment_status":"closed","ping_status":"closed","template":"","meta":[],"acf":[],"_links":{"self":[{"href":"https:\/\/aiace-europa.eu\/fr\/wp-json\/wp\/v2\/pages\/22451"}],"collection":[{"href":"https:\/\/aiace-europa.eu\/fr\/wp-json\/wp\/v2\/pages"}],"about":[{"href":"https:\/\/aiace-europa.eu\/fr\/wp-json\/wp\/v2\/types\/page"}],"author":[{"embeddable":true,"href":"https:\/\/aiace-europa.eu\/fr\/wp-json\/wp\/v2\/users\/4"}],"replies":[{"embeddable":true,"href":"https:\/\/aiace-europa.eu\/fr\/wp-json\/wp\/v2\/comments?post=22451"}],"version-history":[{"count":3,"href":"https:\/\/aiace-europa.eu\/fr\/wp-json\/wp\/v2\/pages\/22451\/revisions"}],"predecessor-version":[{"id":26373,"href":"https:\/\/aiace-europa.eu\/fr\/wp-json\/wp\/v2\/pages\/22451\/revisions\/26373"}],"up":[{"embeddable":true,"href":"https:\/\/aiace-europa.eu\/fr\/wp-json\/wp\/v2\/pages\/773"}],"wp:featuredmedia":[{"embeddable":true,"href":"https:\/\/aiace-europa.eu\/fr\/wp-json\/wp\/v2\/media\/16601"}],"wp:attachment":[{"href":"https:\/\/aiace-europa.eu\/fr\/wp-json\/wp\/v2\/media?parent=22451"}],"curies":[{"name":"wp","href":"https:\/\/api.w.org\/{rel}","templated":true}]}}