{"id":29175,"date":"2024-12-20T20:29:55","date_gmt":"2024-12-20T20:29:55","guid":{"rendered":"https:\/\/aiace-europa.eu\/assemblee-generale\/2025-aiace-general-meeting\/"},"modified":"2025-07-24T09:39:01","modified_gmt":"2025-07-24T09:39:01","slug":"2025-aiace-general-meeting","status":"publish","type":"page","link":"https:\/\/aiace-europa.eu\/fr\/assemblee-generale\/2025-aiace-general-meeting\/","title":{"rendered":"L'Assembl\u00e9e g\u00e9n\u00e9rale 2025 de l'AIACE"},"content":{"rendered":"","protected":false},"excerpt":{"rendered":"<p>Assis<\/p>\n","protected":false},"author":4,"featured_media":16601,"parent":773,"menu_order":2,"comment_status":"closed","ping_status":"closed","template":"","meta":[],"acf":[],"_links":{"self":[{"href":"https:\/\/aiace-europa.eu\/fr\/wp-json\/wp\/v2\/pages\/29175"}],"collection":[{"href":"https:\/\/aiace-europa.eu\/fr\/wp-json\/wp\/v2\/pages"}],"about":[{"href":"https:\/\/aiace-europa.eu\/fr\/wp-json\/wp\/v2\/types\/page"}],"author":[{"embeddable":true,"href":"https:\/\/aiace-europa.eu\/fr\/wp-json\/wp\/v2\/users\/4"}],"replies":[{"embeddable":true,"href":"https:\/\/aiace-europa.eu\/fr\/wp-json\/wp\/v2\/comments?post=29175"}],"version-history":[{"count":3,"href":"https:\/\/aiace-europa.eu\/fr\/wp-json\/wp\/v2\/pages\/29175\/revisions"}],"predecessor-version":[{"id":32487,"href":"https:\/\/aiace-europa.eu\/fr\/wp-json\/wp\/v2\/pages\/29175\/revisions\/32487"}],"up":[{"embeddable":true,"href":"https:\/\/aiace-europa.eu\/fr\/wp-json\/wp\/v2\/pages\/773"}],"wp:featuredmedia":[{"embeddable":true,"href":"https:\/\/aiace-europa.eu\/fr\/wp-json\/wp\/v2\/media\/16601"}],"wp:attachment":[{"href":"https:\/\/aiace-europa.eu\/fr\/wp-json\/wp\/v2\/media?parent=29175"}],"curies":[{"name":"wp","href":"https:\/\/api.w.org\/{rel}","templated":true}]}}