{"id":36137,"date":"2026-01-09T21:38:06","date_gmt":"2026-01-09T21:38:06","guid":{"rendered":"https:\/\/aiace-europa.eu\/assemblee-generale\/2025-aiace-general-meeting-2\/"},"modified":"2026-04-15T07:43:05","modified_gmt":"2026-04-15T07:43:05","slug":"2026-aiace-general-meeting-2","status":"publish","type":"page","link":"https:\/\/aiace-europa.eu\/fr\/assemblee-generale\/2026-aiace-general-meeting-2\/","title":{"rendered":"Assembl\u00e9e g\u00e9n\u00e9rale de l'AIACE 2026"},"content":{"rendered":"","protected":false},"excerpt":{"rendered":"","protected":false},"author":4,"featured_media":16601,"parent":773,"menu_order":6,"comment_status":"closed","ping_status":"closed","template":"","meta":[],"acf":[],"_links":{"self":[{"href":"https:\/\/aiace-europa.eu\/fr\/wp-json\/wp\/v2\/pages\/36137"}],"collection":[{"href":"https:\/\/aiace-europa.eu\/fr\/wp-json\/wp\/v2\/pages"}],"about":[{"href":"https:\/\/aiace-europa.eu\/fr\/wp-json\/wp\/v2\/types\/page"}],"author":[{"embeddable":true,"href":"https:\/\/aiace-europa.eu\/fr\/wp-json\/wp\/v2\/users\/4"}],"replies":[{"embeddable":true,"href":"https:\/\/aiace-europa.eu\/fr\/wp-json\/wp\/v2\/comments?post=36137"}],"version-history":[{"count":4,"href":"https:\/\/aiace-europa.eu\/fr\/wp-json\/wp\/v2\/pages\/36137\/revisions"}],"predecessor-version":[{"id":37636,"href":"https:\/\/aiace-europa.eu\/fr\/wp-json\/wp\/v2\/pages\/36137\/revisions\/37636"}],"up":[{"embeddable":true,"href":"https:\/\/aiace-europa.eu\/fr\/wp-json\/wp\/v2\/pages\/773"}],"wp:featuredmedia":[{"embeddable":true,"href":"https:\/\/aiace-europa.eu\/fr\/wp-json\/wp\/v2\/media\/16601"}],"wp:attachment":[{"href":"https:\/\/aiace-europa.eu\/fr\/wp-json\/wp\/v2\/media?parent=36137"}],"curies":[{"name":"wp","href":"https:\/\/api.w.org\/{rel}","templated":true}]}}